{"id":4896,"date":"2026-04-02T13:51:38","date_gmt":"2026-04-02T13:51:38","guid":{"rendered":"https:\/\/ultramachineparts.com\/?post_type=product&#038;p=4896"},"modified":"2026-04-01T00:56:11","modified_gmt":"2026-04-01T00:56:11","slug":"p-n-gb200091","status":"publish","type":"product","link":"https:\/\/ultramachineparts.com\/tr\/product\/p-n-gb200091\/","title":{"rendered":"P\/N GB200091 GE LOGIQ E9 Core Operat\u00f6r Paneli Ultrason Par\u00e7a Onar\u0131m De\u011fi\u015fim ve Yenilenmi\u015f Sat\u0131\u015f"},"content":{"rendered":"<p><strong>P\/N GB200091 GE LOGIQ E9 \u00c7ekirdek Operat\u00f6r Paneli Ultrason Par\u00e7a Onar\u0131m\u0131<\/strong><\/p>\n<p><strong>Par\u00e7a Ad\u0131:<\/strong> \u00c7ekirdek Operat\u00f6r Paneli<\/p>\n<p><strong>Par\u00e7a Numaras\u0131:<\/strong> GB200091<\/p>\n<p><strong>Uyumlu Sistem:<\/strong> GE LOGIQ E9 Ultrason Sistemi<\/p>\n<p><strong>Durum:<\/strong> Orijinal kullan\u0131lm\u0131\u015f \/ Profesyonel olarak yenilenmi\u015f ve test edilmi\u015f<\/p>\n<p><strong>Garanti:<\/strong> 90 g\u00fcn<\/p>\n<p><strong>Servis:<\/strong> Onar\u0131m \/ De\u011fi\u015fim \/ Kesin Sat\u0131\u015f<\/p>\n<p><strong>Tamir s\u00fcresi:<\/strong> 2-5 i\u015f g\u00fcn\u00fc<\/p>\n<p><strong>Notlar:<\/strong><\/p>\n<ul>\n<li>L\u00fctfen sipari\u015f vermeden \u00f6nce par\u00e7a numaras\u0131n\u0131 ve sistem modelini onaylay\u0131n<\/li>\n<li>Kurulumdan \u00f6nce ultrason sisteminin kapal\u0131 oldu\u011fundan emin olun<\/li>\n<li>De\u011fi\u015fim hizmeti i\u00e7in ar\u0131zal\u0131 kart\u0131n iade edilmesi gerekir<\/li>\n<\/ul>","protected":false},"excerpt":{"rendered":"<p>P\/N GB200091 GE LOGIQ E9 \u00c7ekirdek Operat\u00f6r Paneli Ultrason Par\u00e7as\u0131 Onar\u0131m\u0131 Par\u00e7a Ad\u0131: \u00c7ekirdek Operat\u00f6r Paneli Par\u00e7a Numaras\u0131: GB200091 Uyumlu Sistem: GE LOGIQ E9 Ultrason Sistemi Durum: Orijinal kullan\u0131lm\u0131\u015f \/ Profesyonel olarak yenilenmi\u015f ve test edilmi\u015f Garanti: 90 g\u00fcn Servis: Onar\u0131m \/ De\u011fi\u015fim \/ Kesin Sat\u0131\u015f Onar\u0131m S\u00fcresi: 2-5 i\u015f g\u00fcn\u00fc Notlar: L\u00fctfen par\u00e7a numaras\u0131n\u0131 onaylay\u0131n...<\/p>","protected":false},"featured_media":8051,"parent":0,"template":"","meta":{"_acf_changed":false,"_kad_blocks_custom_css":"","_kad_blocks_head_custom_js":"","_kad_blocks_body_custom_js":"","_kad_blocks_footer_custom_js":"","_kadence_starter_templates_imported_post":false,"_kad_post_transparent":"default","_kad_post_title":"","_kad_post_layout":"default","_kad_post_sidebar_id":"","_kad_post_content_style":"default","_kad_post_vertical_padding":"default","_kad_post_feature":"","_kad_post_feature_position":"","_kad_post_header":false,"_kad_post_footer":false},"pcategory":[5],"ptag":[],"class_list":["post-4896","product","type-product","status-publish","has-post-thumbnail","hentry","pcategory-ultrasound-boards-repair"],"acf":[],"yoast_head":"<!-- This site is optimized with the Yoast SEO plugin v27.1.1 - https:\/\/yoast.com\/product\/yoast-seo-wordpress\/ -->\n<title>P\/N GB200091 GE LOGIQ E9 Core Operator Panel Ultrasound Part Repair Exchange and Refurbished Sale<\/title>\n<meta name=\"robots\" content=\"index, follow, max-snippet:-1, max-image-preview:large, max-video-preview:-1\" \/>\n<link rel=\"canonical\" href=\"https:\/\/ultramachineparts.com\/tr\/product\/p-n-gb200091\/\" \/>\n<meta property=\"og:locale\" content=\"tr_TR\" \/>\n<meta property=\"og:type\" content=\"article\" \/>\n<meta property=\"og:title\" content=\"P\/N GB200091 GE LOGIQ E9 Core Operator Panel Ultrasound Part Repair Exchange and Refurbished Sale\" \/>\n<meta property=\"og:description\" content=\"P\/N GB200091 GE LOGIQ E9 Core Operator Panel Ultrasound Part Repair Part Name: Core Operator Panel Part Number: GB200091 Compatible System: GE LOGIQ E9 Ultrasound System Condition: Original used \/ Professionally refurbished and tested Warranty: 90 days Service: Repair \/ Exchange \/ Outright Sale Repair Time: 2\u20135 working days Notes: Please confirm the part number...\" \/>\n<meta property=\"og:url\" content=\"https:\/\/ultramachineparts.com\/tr\/product\/p-n-gb200091\/\" \/>\n<meta property=\"og:site_name\" content=\"ultramachine-part\" \/>\n<meta property=\"og:image\" content=\"https:\/\/ultramachineparts.com\/wp-content\/uploads\/2027\/03\/GB200091.jpg\" \/>\n\t<meta property=\"og:image:width\" content=\"800\" \/>\n\t<meta property=\"og:image:height\" content=\"800\" \/>\n\t<meta property=\"og:image:type\" content=\"image\/jpeg\" \/>\n<meta name=\"twitter:card\" content=\"summary_large_image\" \/>\n<meta name=\"twitter:label1\" content=\"Tahmini okuma s\u00fcresi\" \/>\n\t<meta name=\"twitter:data1\" content=\"1 dakika\" \/>\n<script type=\"application\/ld+json\" class=\"yoast-schema-graph\">{\"@context\":\"https:\/\/schema.org\",\"@graph\":[{\"@type\":\"WebPage\",\"@id\":\"https:\/\/ultramachineparts.com\/product\/p-n-gb200091\/\",\"url\":\"https:\/\/ultramachineparts.com\/product\/p-n-gb200091\/\",\"name\":\"P\/N GB200091 GE LOGIQ E9 Core Operator Panel Ultrasound Part Repair Exchange and Refurbished Sale\",\"isPartOf\":{\"@id\":\"https:\/\/ultramachineparts.com\/#website\"},\"primaryImageOfPage\":{\"@id\":\"https:\/\/ultramachineparts.com\/product\/p-n-gb200091\/#primaryimage\"},\"image\":{\"@id\":\"https:\/\/ultramachineparts.com\/product\/p-n-gb200091\/#primaryimage\"},\"thumbnailUrl\":\"https:\/\/ultramachineparts.com\/wp-content\/uploads\/2027\/03\/GB200091.jpg\",\"datePublished\":\"2026-04-02T13:51:38+00:00\",\"breadcrumb\":{\"@id\":\"https:\/\/ultramachineparts.com\/product\/p-n-gb200091\/#breadcrumb\"},\"inLanguage\":\"tr\",\"potentialAction\":[{\"@type\":\"ReadAction\",\"target\":[\"https:\/\/ultramachineparts.com\/product\/p-n-gb200091\/\"]}]},{\"@type\":\"ImageObject\",\"inLanguage\":\"tr\",\"@id\":\"https:\/\/ultramachineparts.com\/product\/p-n-gb200091\/#primaryimage\",\"url\":\"https:\/\/ultramachineparts.com\/wp-content\/uploads\/2027\/03\/GB200091.jpg\",\"contentUrl\":\"https:\/\/ultramachineparts.com\/wp-content\/uploads\/2027\/03\/GB200091.jpg\",\"width\":800,\"height\":800,\"caption\":\"GB200091\"},{\"@type\":\"BreadcrumbList\",\"@id\":\"https:\/\/ultramachineparts.com\/product\/p-n-gb200091\/#breadcrumb\",\"itemListElement\":[{\"@type\":\"ListItem\",\"position\":1,\"name\":\"Home\",\"item\":\"https:\/\/ultramachineparts.com\/\"},{\"@type\":\"ListItem\",\"position\":2,\"name\":\"Ultrasound Boards Repair\",\"item\":\"https:\/\/ultramachineparts.com\/pcategory\/ultrasound-boards-repair\/\"},{\"@type\":\"ListItem\",\"position\":3,\"name\":\"P\/N GB200091 GE LOGIQ E9 Core Operator Panel Ultrasound Part Repair Exchange and Refurbished Sale\"}]},{\"@type\":\"WebSite\",\"@id\":\"https:\/\/ultramachineparts.com\/#website\",\"url\":\"https:\/\/ultramachineparts.com\/\",\"name\":\"ultramachine-part\",\"description\":\"\",\"publisher\":{\"@id\":\"https:\/\/ultramachineparts.com\/#organization\"},\"potentialAction\":[{\"@type\":\"SearchAction\",\"target\":{\"@type\":\"EntryPoint\",\"urlTemplate\":\"https:\/\/ultramachineparts.com\/?s={search_term_string}\"},\"query-input\":{\"@type\":\"PropertyValueSpecification\",\"valueRequired\":true,\"valueName\":\"search_term_string\"}}],\"inLanguage\":\"tr\"},{\"@type\":\"Organization\",\"@id\":\"https:\/\/ultramachineparts.com\/#organization\",\"name\":\"ultramachine-part\",\"url\":\"https:\/\/ultramachineparts.com\/\",\"logo\":{\"@type\":\"ImageObject\",\"inLanguage\":\"tr\",\"@id\":\"https:\/\/ultramachineparts.com\/#\/schema\/logo\/image\/\",\"url\":\"https:\/\/ultramachineparts.com\/wp-content\/uploads\/2026\/03\/logo-echoelite.png\",\"contentUrl\":\"https:\/\/ultramachineparts.com\/wp-content\/uploads\/2026\/03\/logo-echoelite.png\",\"width\":463,\"height\":120,\"caption\":\"ultramachine-part\"},\"image\":{\"@id\":\"https:\/\/ultramachineparts.com\/#\/schema\/logo\/image\/\"}}]}<\/script>\n<!-- \/ Yoast SEO plugin. -->","yoast_head_json":{"title":"P\/N GB200091 GE LOGIQ E9 Core Operat\u00f6r Paneli Ultrason Par\u00e7a Onar\u0131m De\u011fi\u015fim ve Yenilenmi\u015f Sat\u0131\u015f","robots":{"index":"index","follow":"follow","max-snippet":"max-snippet:-1","max-image-preview":"max-image-preview:large","max-video-preview":"max-video-preview:-1"},"canonical":"https:\/\/ultramachineparts.com\/tr\/product\/p-n-gb200091\/","og_locale":"tr_TR","og_type":"article","og_title":"P\/N GB200091 GE LOGIQ E9 Core Operator Panel Ultrasound Part Repair Exchange and Refurbished Sale","og_description":"P\/N GB200091 GE LOGIQ E9 Core Operator Panel Ultrasound Part Repair Part Name: Core Operator Panel Part Number: GB200091 Compatible System: GE LOGIQ E9 Ultrasound System Condition: Original used \/ Professionally refurbished and tested Warranty: 90 days Service: Repair \/ Exchange \/ Outright Sale Repair Time: 2\u20135 working days Notes: Please confirm the part number...","og_url":"https:\/\/ultramachineparts.com\/tr\/product\/p-n-gb200091\/","og_site_name":"ultramachine-part","og_image":[{"width":800,"height":800,"url":"https:\/\/ultramachineparts.com\/wp-content\/uploads\/2027\/03\/GB200091.jpg","type":"image\/jpeg"}],"twitter_card":"summary_large_image","twitter_misc":{"Tahmini okuma s\u00fcresi":"1 dakika"},"schema":{"@context":"https:\/\/schema.org","@graph":[{"@type":"WebPage","@id":"https:\/\/ultramachineparts.com\/product\/p-n-gb200091\/","url":"https:\/\/ultramachineparts.com\/product\/p-n-gb200091\/","name":"P\/N GB200091 GE LOGIQ E9 Core Operat\u00f6r Paneli Ultrason Par\u00e7a Onar\u0131m De\u011fi\u015fim ve Yenilenmi\u015f Sat\u0131\u015f","isPartOf":{"@id":"https:\/\/ultramachineparts.com\/#website"},"primaryImageOfPage":{"@id":"https:\/\/ultramachineparts.com\/product\/p-n-gb200091\/#primaryimage"},"image":{"@id":"https:\/\/ultramachineparts.com\/product\/p-n-gb200091\/#primaryimage"},"thumbnailUrl":"https:\/\/ultramachineparts.com\/wp-content\/uploads\/2027\/03\/GB200091.jpg","datePublished":"2026-04-02T13:51:38+00:00","breadcrumb":{"@id":"https:\/\/ultramachineparts.com\/product\/p-n-gb200091\/#breadcrumb"},"inLanguage":"tr","potentialAction":[{"@type":"ReadAction","target":["https:\/\/ultramachineparts.com\/product\/p-n-gb200091\/"]}]},{"@type":"ImageObject","inLanguage":"tr","@id":"https:\/\/ultramachineparts.com\/product\/p-n-gb200091\/#primaryimage","url":"https:\/\/ultramachineparts.com\/wp-content\/uploads\/2027\/03\/GB200091.jpg","contentUrl":"https:\/\/ultramachineparts.com\/wp-content\/uploads\/2027\/03\/GB200091.jpg","width":800,"height":800,"caption":"GB200091"},{"@type":"BreadcrumbList","@id":"https:\/\/ultramachineparts.com\/product\/p-n-gb200091\/#breadcrumb","itemListElement":[{"@type":"ListItem","position":1,"name":"Home","item":"https:\/\/ultramachineparts.com\/"},{"@type":"ListItem","position":2,"name":"Ultrasound Boards Repair","item":"https:\/\/ultramachineparts.com\/pcategory\/ultrasound-boards-repair\/"},{"@type":"ListItem","position":3,"name":"P\/N GB200091 GE LOGIQ E9 Core Operator Panel Ultrasound Part Repair Exchange and Refurbished Sale"}]},{"@type":"WebSite","@id":"https:\/\/ultramachineparts.com\/#website","url":"https:\/\/ultramachineparts.com\/","name":"ultramachine-part","description":"","publisher":{"@id":"https:\/\/ultramachineparts.com\/#organization"},"potentialAction":[{"@type":"SearchAction","target":{"@type":"EntryPoint","urlTemplate":"https:\/\/ultramachineparts.com\/?s={search_term_string}"},"query-input":{"@type":"PropertyValueSpecification","valueRequired":true,"valueName":"search_term_string"}}],"inLanguage":"tr"},{"@type":"Organization","@id":"https:\/\/ultramachineparts.com\/#organization","name":"ultramachine-part","url":"https:\/\/ultramachineparts.com\/","logo":{"@type":"ImageObject","inLanguage":"tr","@id":"https:\/\/ultramachineparts.com\/#\/schema\/logo\/image\/","url":"https:\/\/ultramachineparts.com\/wp-content\/uploads\/2026\/03\/logo-echoelite.png","contentUrl":"https:\/\/ultramachineparts.com\/wp-content\/uploads\/2026\/03\/logo-echoelite.png","width":463,"height":120,"caption":"ultramachine-part"},"image":{"@id":"https:\/\/ultramachineparts.com\/#\/schema\/logo\/image\/"}}]}},"taxonomy_info":{"pcategory":[{"value":5,"label":"Ultrasound Boards Repair"}]},"featured_image_src_large":["https:\/\/ultramachineparts.com\/wp-content\/uploads\/2027\/03\/GB200091.jpg",800,800,false],"author_info":[],"comment_info":"","_links":{"self":[{"href":"https:\/\/ultramachineparts.com\/tr\/wp-json\/wp\/v2\/product\/4896","targetHints":{"allow":["GET"]}}],"collection":[{"href":"https:\/\/ultramachineparts.com\/tr\/wp-json\/wp\/v2\/product"}],"about":[{"href":"https:\/\/ultramachineparts.com\/tr\/wp-json\/wp\/v2\/types\/product"}],"wp:featuredmedia":[{"embeddable":true,"href":"https:\/\/ultramachineparts.com\/tr\/wp-json\/wp\/v2\/media\/8051"}],"wp:attachment":[{"href":"https:\/\/ultramachineparts.com\/tr\/wp-json\/wp\/v2\/media?parent=4896"}],"wp:term":[{"taxonomy":"pcategory","embeddable":true,"href":"https:\/\/ultramachineparts.com\/tr\/wp-json\/wp\/v2\/pcategory?post=4896"},{"taxonomy":"ptag","embeddable":true,"href":"https:\/\/ultramachineparts.com\/tr\/wp-json\/wp\/v2\/ptag?post=4896"}],"curies":[{"name":"wp","href":"https:\/\/api.w.org\/{rel}","templated":true}]}}