{"id":5064,"date":"2026-04-10T18:36:07","date_gmt":"2026-04-10T18:36:07","guid":{"rendered":"https:\/\/ultramachineparts.com\/?post_type=product&#038;p=5064"},"modified":"2026-04-08T05:26:27","modified_gmt":"2026-04-08T05:26:27","slug":"aloka-ep476000bb-2","status":"publish","type":"product","link":"https:\/\/ultramachineparts.com\/tr\/product\/aloka-ep476000bb-2\/","title":{"rendered":"Aloka Alpha 5 Board EP476000BB Yenilenmi\u015f ve Test Edilmi\u015f Par\u00e7a"},"content":{"rendered":"<p>Bu, Aloka Alpha 5 tan\u0131sal ultrason sistemlerinde kullan\u0131lan bir Aloka Alpha 5 ultrason kart\u0131d\u0131r. EchoElite Medical, bu \u00fcr\u00fcn i\u00e7in onar\u0131m, yenileme, de\u011fi\u015ftirme ve de\u011fi\u015fim dahil olmak \u00fczere, t\u00fcm\u00fc 90 g\u00fcnl\u00fck garanti kapsam\u0131nda profesyonel hizmetler sunmaktad\u0131r.<\/p>\n<div class=\"product-detail\">\n<div class=\"product-title\"><strong>Aloka Alpha 5 Ultrason Kart\u0131 EP476000BB<\/strong><\/div>\n<div class=\"product-meta\">\n<p><strong>Par\u00e7a numaras\u0131:<\/strong> EP476000BB<\/p>\n<p><strong>Uyumlu model:<\/strong> Aloka Alfa 5<\/p>\n<p><strong>Garanti:<\/strong> 90 g\u00fcn<\/p>\n<\/div>\n<div class=\"product-description\">\n<p><strong>A\u00e7\u0131klama<\/strong><\/p>\n<p>Aloka Alpha 5 ultrason kart\u0131 EP476000BB<\/p>\n<p>1. P\/N: EP476000BB<\/p>\n<p>2. Aloka Alpha 5 sistemi ile uyumludur<\/p>\n<p>3. Tamir edildikten veya yenilendikten sonra 90 g\u00fcn garanti ile<\/p>\n<\/div>\n<div class=\"notes\">\n<p><strong>Notlar<\/strong><\/p>\n<ul>\n<li>L\u00fctfen sipari\u015f vermeden \u00f6nce par\u00e7a numaras\u0131n\u0131 ve sistem uyumlulu\u011funu do\u011frulay\u0131n<\/li>\n<li>Kurulumdan \u00f6nce ultrason sistemini tamamen kapat\u0131n<\/li>\n<li>De\u011fi\u015fim sipari\u015fleri, hatal\u0131 panonun zaman\u0131nda iade edilmesini gerektirir<\/li>\n<\/ul>\n<\/div>\n<\/div>","protected":false},"excerpt":{"rendered":"<p>Bu, Aloka Alpha 5 tan\u0131sal ultrason sistemlerinde kullan\u0131lan bir Aloka Alpha 5 ultrason kart\u0131d\u0131r. EchoElite Medical, bu \u00fcr\u00fcn i\u00e7in onar\u0131m, yenileme, de\u011fi\u015ftirme ve de\u011fi\u015fim dahil olmak \u00fczere, t\u00fcm\u00fc 90 g\u00fcnl\u00fck garanti kapsam\u0131nda profesyonel hizmetler sunmaktad\u0131r. Aloka Alpha 5 Ultrason Kart\u0131 EP476000BB Par\u00e7a numaras\u0131: EP476000BB Uyumlu model: Aloka Alpha 5 Garanti: 90 g\u00fcn A\u00e7\u0131klama Aloka...<\/p>","protected":false},"featured_media":5067,"parent":0,"template":"","meta":{"_acf_changed":false,"_kad_blocks_custom_css":"","_kad_blocks_head_custom_js":"","_kad_blocks_body_custom_js":"","_kad_blocks_footer_custom_js":"","_kadence_starter_templates_imported_post":false,"_kad_post_transparent":"default","_kad_post_title":"","_kad_post_layout":"default","_kad_post_sidebar_id":"","_kad_post_content_style":"default","_kad_post_vertical_padding":"default","_kad_post_feature":"","_kad_post_feature_position":"","_kad_post_header":false,"_kad_post_footer":false},"pcategory":[5],"ptag":[],"class_list":["post-5064","product","type-product","status-publish","has-post-thumbnail","hentry","pcategory-ultrasound-boards-repair"],"acf":[],"yoast_head":"<!-- This site is optimized with the Yoast SEO plugin v27.1.1 - https:\/\/yoast.com\/product\/yoast-seo-wordpress\/ -->\n<title>Aloka Alpha 5 Board EP476000BB Refurbished &amp; Tested Part<\/title>\n<meta name=\"robots\" content=\"index, follow, max-snippet:-1, max-image-preview:large, max-video-preview:-1\" \/>\n<link rel=\"canonical\" href=\"https:\/\/ultramachineparts.com\/tr\/product\/aloka-ep476000bb-2\/\" \/>\n<meta property=\"og:locale\" content=\"tr_TR\" \/>\n<meta property=\"og:type\" content=\"article\" \/>\n<meta property=\"og:title\" content=\"Aloka Alpha 5 Board EP476000BB Refurbished &amp; Tested Part\" \/>\n<meta property=\"og:description\" content=\"This is an Aloka Alpha 5 ultrasound board used in Aloka Alpha 5 diagnostic ultrasound systems. EchoElite Medical provides professional services for this product, including repair, refurbishment, replacement, and exchange, all covered by a 90-day warranty. Aloka Alpha 5 Ultrasound Board EP476000BB Part number: EP476000BB Compatible model: Aloka Alpha 5 Warranty: 90 days Description Aloka...\" \/>\n<meta property=\"og:url\" content=\"https:\/\/ultramachineparts.com\/tr\/product\/aloka-ep476000bb-2\/\" \/>\n<meta property=\"og:site_name\" content=\"ultramachine-part\" \/>\n<meta property=\"og:image\" content=\"https:\/\/ultramachineparts.com\/wp-content\/uploads\/2027\/03\/Aloka-EP476000BB_2.jpg\" \/>\n\t<meta property=\"og:image:width\" content=\"800\" \/>\n\t<meta property=\"og:image:height\" content=\"800\" \/>\n\t<meta property=\"og:image:type\" content=\"image\/jpeg\" \/>\n<meta name=\"twitter:card\" content=\"summary_large_image\" \/>\n<meta name=\"twitter:label1\" content=\"Tahmini okuma s\u00fcresi\" \/>\n\t<meta name=\"twitter:data1\" content=\"1 dakika\" \/>\n<script type=\"application\/ld+json\" class=\"yoast-schema-graph\">{\"@context\":\"https:\/\/schema.org\",\"@graph\":[{\"@type\":\"WebPage\",\"@id\":\"https:\/\/ultramachineparts.com\/product\/aloka-ep476000bb-2\/\",\"url\":\"https:\/\/ultramachineparts.com\/product\/aloka-ep476000bb-2\/\",\"name\":\"Aloka Alpha 5 Board EP476000BB Refurbished & Tested Part\",\"isPartOf\":{\"@id\":\"https:\/\/ultramachineparts.com\/#website\"},\"primaryImageOfPage\":{\"@id\":\"https:\/\/ultramachineparts.com\/product\/aloka-ep476000bb-2\/#primaryimage\"},\"image\":{\"@id\":\"https:\/\/ultramachineparts.com\/product\/aloka-ep476000bb-2\/#primaryimage\"},\"thumbnailUrl\":\"https:\/\/ultramachineparts.com\/wp-content\/uploads\/2027\/03\/Aloka-EP476000BB_2.jpg\",\"datePublished\":\"2026-04-10T18:36:07+00:00\",\"breadcrumb\":{\"@id\":\"https:\/\/ultramachineparts.com\/product\/aloka-ep476000bb-2\/#breadcrumb\"},\"inLanguage\":\"tr\",\"potentialAction\":[{\"@type\":\"ReadAction\",\"target\":[\"https:\/\/ultramachineparts.com\/product\/aloka-ep476000bb-2\/\"]}]},{\"@type\":\"ImageObject\",\"inLanguage\":\"tr\",\"@id\":\"https:\/\/ultramachineparts.com\/product\/aloka-ep476000bb-2\/#primaryimage\",\"url\":\"https:\/\/ultramachineparts.com\/wp-content\/uploads\/2027\/03\/Aloka-EP476000BB_2.jpg\",\"contentUrl\":\"https:\/\/ultramachineparts.com\/wp-content\/uploads\/2027\/03\/Aloka-EP476000BB_2.jpg\",\"width\":800,\"height\":800},{\"@type\":\"BreadcrumbList\",\"@id\":\"https:\/\/ultramachineparts.com\/product\/aloka-ep476000bb-2\/#breadcrumb\",\"itemListElement\":[{\"@type\":\"ListItem\",\"position\":1,\"name\":\"Home\",\"item\":\"https:\/\/ultramachineparts.com\/\"},{\"@type\":\"ListItem\",\"position\":2,\"name\":\"Ultrasound Boards Repair\",\"item\":\"https:\/\/ultramachineparts.com\/pcategory\/ultrasound-boards-repair\/\"},{\"@type\":\"ListItem\",\"position\":3,\"name\":\"Aloka Alpha 5 Board EP476000BB Refurbished &#038; Tested Part\"}]},{\"@type\":\"WebSite\",\"@id\":\"https:\/\/ultramachineparts.com\/#website\",\"url\":\"https:\/\/ultramachineparts.com\/\",\"name\":\"ultramachine-part\",\"description\":\"\",\"publisher\":{\"@id\":\"https:\/\/ultramachineparts.com\/#organization\"},\"potentialAction\":[{\"@type\":\"SearchAction\",\"target\":{\"@type\":\"EntryPoint\",\"urlTemplate\":\"https:\/\/ultramachineparts.com\/?s={search_term_string}\"},\"query-input\":{\"@type\":\"PropertyValueSpecification\",\"valueRequired\":true,\"valueName\":\"search_term_string\"}}],\"inLanguage\":\"tr\"},{\"@type\":\"Organization\",\"@id\":\"https:\/\/ultramachineparts.com\/#organization\",\"name\":\"ultramachine-part\",\"url\":\"https:\/\/ultramachineparts.com\/\",\"logo\":{\"@type\":\"ImageObject\",\"inLanguage\":\"tr\",\"@id\":\"https:\/\/ultramachineparts.com\/#\/schema\/logo\/image\/\",\"url\":\"https:\/\/ultramachineparts.com\/wp-content\/uploads\/2026\/03\/logo-echoelite.png\",\"contentUrl\":\"https:\/\/ultramachineparts.com\/wp-content\/uploads\/2026\/03\/logo-echoelite.png\",\"width\":463,\"height\":120,\"caption\":\"ultramachine-part\"},\"image\":{\"@id\":\"https:\/\/ultramachineparts.com\/#\/schema\/logo\/image\/\"}}]}<\/script>\n<!-- \/ Yoast SEO plugin. -->","yoast_head_json":{"title":"Aloka Alpha 5 Board EP476000BB Yenilenmi\u015f ve Test Edilmi\u015f Par\u00e7a","robots":{"index":"index","follow":"follow","max-snippet":"max-snippet:-1","max-image-preview":"max-image-preview:large","max-video-preview":"max-video-preview:-1"},"canonical":"https:\/\/ultramachineparts.com\/tr\/product\/aloka-ep476000bb-2\/","og_locale":"tr_TR","og_type":"article","og_title":"Aloka Alpha 5 Board EP476000BB Refurbished & Tested Part","og_description":"This is an Aloka Alpha 5 ultrasound board used in Aloka Alpha 5 diagnostic ultrasound systems. EchoElite Medical provides professional services for this product, including repair, refurbishment, replacement, and exchange, all covered by a 90-day warranty. Aloka Alpha 5 Ultrasound Board EP476000BB Part number: EP476000BB Compatible model: Aloka Alpha 5 Warranty: 90 days Description Aloka...","og_url":"https:\/\/ultramachineparts.com\/tr\/product\/aloka-ep476000bb-2\/","og_site_name":"ultramachine-part","og_image":[{"width":800,"height":800,"url":"https:\/\/ultramachineparts.com\/wp-content\/uploads\/2027\/03\/Aloka-EP476000BB_2.jpg","type":"image\/jpeg"}],"twitter_card":"summary_large_image","twitter_misc":{"Tahmini okuma s\u00fcresi":"1 dakika"},"schema":{"@context":"https:\/\/schema.org","@graph":[{"@type":"WebPage","@id":"https:\/\/ultramachineparts.com\/product\/aloka-ep476000bb-2\/","url":"https:\/\/ultramachineparts.com\/product\/aloka-ep476000bb-2\/","name":"Aloka Alpha 5 Board EP476000BB Yenilenmi\u015f ve Test Edilmi\u015f Par\u00e7a","isPartOf":{"@id":"https:\/\/ultramachineparts.com\/#website"},"primaryImageOfPage":{"@id":"https:\/\/ultramachineparts.com\/product\/aloka-ep476000bb-2\/#primaryimage"},"image":{"@id":"https:\/\/ultramachineparts.com\/product\/aloka-ep476000bb-2\/#primaryimage"},"thumbnailUrl":"https:\/\/ultramachineparts.com\/wp-content\/uploads\/2027\/03\/Aloka-EP476000BB_2.jpg","datePublished":"2026-04-10T18:36:07+00:00","breadcrumb":{"@id":"https:\/\/ultramachineparts.com\/product\/aloka-ep476000bb-2\/#breadcrumb"},"inLanguage":"tr","potentialAction":[{"@type":"ReadAction","target":["https:\/\/ultramachineparts.com\/product\/aloka-ep476000bb-2\/"]}]},{"@type":"ImageObject","inLanguage":"tr","@id":"https:\/\/ultramachineparts.com\/product\/aloka-ep476000bb-2\/#primaryimage","url":"https:\/\/ultramachineparts.com\/wp-content\/uploads\/2027\/03\/Aloka-EP476000BB_2.jpg","contentUrl":"https:\/\/ultramachineparts.com\/wp-content\/uploads\/2027\/03\/Aloka-EP476000BB_2.jpg","width":800,"height":800},{"@type":"BreadcrumbList","@id":"https:\/\/ultramachineparts.com\/product\/aloka-ep476000bb-2\/#breadcrumb","itemListElement":[{"@type":"ListItem","position":1,"name":"Home","item":"https:\/\/ultramachineparts.com\/"},{"@type":"ListItem","position":2,"name":"Ultrasound Boards Repair","item":"https:\/\/ultramachineparts.com\/pcategory\/ultrasound-boards-repair\/"},{"@type":"ListItem","position":3,"name":"Aloka Alpha 5 Board EP476000BB Refurbished &#038; Tested Part"}]},{"@type":"WebSite","@id":"https:\/\/ultramachineparts.com\/#website","url":"https:\/\/ultramachineparts.com\/","name":"ultramachine-part","description":"","publisher":{"@id":"https:\/\/ultramachineparts.com\/#organization"},"potentialAction":[{"@type":"SearchAction","target":{"@type":"EntryPoint","urlTemplate":"https:\/\/ultramachineparts.com\/?s={search_term_string}"},"query-input":{"@type":"PropertyValueSpecification","valueRequired":true,"valueName":"search_term_string"}}],"inLanguage":"tr"},{"@type":"Organization","@id":"https:\/\/ultramachineparts.com\/#organization","name":"ultramachine-part","url":"https:\/\/ultramachineparts.com\/","logo":{"@type":"ImageObject","inLanguage":"tr","@id":"https:\/\/ultramachineparts.com\/#\/schema\/logo\/image\/","url":"https:\/\/ultramachineparts.com\/wp-content\/uploads\/2026\/03\/logo-echoelite.png","contentUrl":"https:\/\/ultramachineparts.com\/wp-content\/uploads\/2026\/03\/logo-echoelite.png","width":463,"height":120,"caption":"ultramachine-part"},"image":{"@id":"https:\/\/ultramachineparts.com\/#\/schema\/logo\/image\/"}}]}},"taxonomy_info":{"pcategory":[{"value":5,"label":"Ultrasound Boards Repair"}]},"featured_image_src_large":["https:\/\/ultramachineparts.com\/wp-content\/uploads\/2027\/03\/Aloka-EP476000BB_2.jpg",800,800,false],"author_info":[],"comment_info":"","_links":{"self":[{"href":"https:\/\/ultramachineparts.com\/tr\/wp-json\/wp\/v2\/product\/5064","targetHints":{"allow":["GET"]}}],"collection":[{"href":"https:\/\/ultramachineparts.com\/tr\/wp-json\/wp\/v2\/product"}],"about":[{"href":"https:\/\/ultramachineparts.com\/tr\/wp-json\/wp\/v2\/types\/product"}],"wp:featuredmedia":[{"embeddable":true,"href":"https:\/\/ultramachineparts.com\/tr\/wp-json\/wp\/v2\/media\/5067"}],"wp:attachment":[{"href":"https:\/\/ultramachineparts.com\/tr\/wp-json\/wp\/v2\/media?parent=5064"}],"wp:term":[{"taxonomy":"pcategory","embeddable":true,"href":"https:\/\/ultramachineparts.com\/tr\/wp-json\/wp\/v2\/pcategory?post=5064"},{"taxonomy":"ptag","embeddable":true,"href":"https:\/\/ultramachineparts.com\/tr\/wp-json\/wp\/v2\/ptag?post=5064"}],"curies":[{"name":"wp","href":"https:\/\/api.w.org\/{rel}","templated":true}]}}