{"id":5377,"date":"2026-05-01T12:07:18","date_gmt":"2026-05-01T12:07:18","guid":{"rendered":"https:\/\/ultramachineparts.com\/?post_type=product&#038;p=5377"},"modified":"2026-04-30T02:31:42","modified_gmt":"2026-04-30T02:31:42","slug":"hitachi-ep496000-2","status":"publish","type":"product","link":"https:\/\/ultramachineparts.com\/tr\/product\/hitachi-ep496000-2\/","title":{"rendered":"Hitachi Aloka Alpha 10 CPU Anakart EP496000 Ultrason Sistemi i\u00e7in Onar\u0131m ve De\u011fi\u015fim"},"content":{"rendered":"<p><strong>Hitachi \/ Aloka Alpha-10 CPU Anakart\u0131n\u0131 Onar\u0131n (P\/N EP496000)<\/strong><\/p>\n<p><strong>Par\u00e7a Numaras\u0131:<\/strong> EP496000<\/p>\n<p><strong>Uyumlu Sistem:<\/strong> Hitachi \/ Aloka Alpha-10 Ultrason Sistemleri<\/p>\n<p><strong>Durum:<\/strong> CPU anakart\u0131 i\u00e7in yenilenmi\u015f\/onar\u0131m hizmeti, test edilmi\u015f ve kararl\u0131 \u00e7al\u0131\u015fma durumuna geri getirilmi\u015f<\/p>\n<p><strong>Teslimat S\u00fcresi:<\/strong> Sipari\u015f onay\u0131ndan sonra 2-4 i\u015f g\u00fcn\u00fc<\/p>\n<p><strong>Garanti:<\/strong> 60 g\u00fcnl\u00fck garanti kapsam\u0131<\/p>\n<p><strong>Notlar:<\/strong><\/p>\n<ul>\n<li>L\u00fctfen sipari\u015f vermeden \u00f6nce EP496000 par\u00e7a numaras\u0131n\u0131 ve sistem uyumlulu\u011funu do\u011frulay\u0131n<\/li>\n<li>Kurulumdan \u00f6nce ultrason cihaz\u0131n\u0131n kapal\u0131 oldu\u011fundan emin olun<\/li>\n<li>Ar\u0131zal\u0131 kartlar onar\u0131m veya de\u011fi\u015fim hizmeti i\u00e7in iade edilmelidir<\/li>\n<\/ul>","protected":false},"excerpt":{"rendered":"<p>Hitachi Aloka Alpha 10 CPU Anakart EP496000 Aloka Alpha 10 ultrason sistemi i\u00e7in onar\u0131m ve de\u011fi\u015fim hizmeti. Kararl\u0131 sistem kontrol performans\u0131 ile tamamen test edilmi\u015f ve profesyonel olarak geri y\u00fcklenmi\u015f CPU anakart\u0131. G\u00fcvenilir tan\u0131lama i\u015flemi ve g\u00f6r\u00fcnt\u00fcleme sistemi kararl\u0131l\u0131\u011f\u0131 i\u00e7in h\u0131zl\u0131 2-4 i\u015f g\u00fcn\u00fc geri d\u00f6n\u00fc\u015f. Kalite g\u00fcvencesi i\u00e7in 90 g\u00fcnl\u00fck garanti dahildir.<\/p>","protected":false},"featured_media":5379,"parent":0,"template":"","meta":{"_acf_changed":false,"_kad_blocks_custom_css":"","_kad_blocks_head_custom_js":"","_kad_blocks_body_custom_js":"","_kad_blocks_footer_custom_js":"","_kadence_starter_templates_imported_post":false,"_kad_post_transparent":"default","_kad_post_title":"","_kad_post_layout":"default","_kad_post_sidebar_id":"","_kad_post_content_style":"default","_kad_post_vertical_padding":"default","_kad_post_feature":"","_kad_post_feature_position":"","_kad_post_header":false,"_kad_post_footer":false},"pcategory":[5],"ptag":[],"class_list":["post-5377","product","type-product","status-publish","has-post-thumbnail","hentry","pcategory-ultrasound-boards-repair"],"acf":[],"yoast_head":"<!-- This site is optimized with the Yoast SEO plugin v27.1.1 - https:\/\/yoast.com\/product\/yoast-seo-wordpress\/ -->\n<title>Hitachi Aloka Alpha 10 CPU Mainboard EP496000 Repair and Exchange for Ultrasound System<\/title>\n<meta name=\"robots\" content=\"index, follow, max-snippet:-1, max-image-preview:large, max-video-preview:-1\" \/>\n<link rel=\"canonical\" href=\"https:\/\/ultramachineparts.com\/tr\/product\/hitachi-ep496000-2\/\" \/>\n<meta property=\"og:locale\" content=\"tr_TR\" \/>\n<meta property=\"og:type\" content=\"article\" \/>\n<meta property=\"og:title\" content=\"Hitachi Aloka Alpha 10 CPU Mainboard EP496000 Repair and Exchange for Ultrasound System\" \/>\n<meta property=\"og:description\" content=\"Hitachi Aloka Alpha 10 CPU Mainboard EP496000 repair and exchange service for Aloka Alpha 10 ultrasound system. Fully tested and professionally restored CPU mainboard with stable system control performance. Fast 2\u20134 working days turnaround for reliable diagnostic operation and imaging system stability. 90-day warranty included for quality assurance.\" \/>\n<meta property=\"og:url\" content=\"https:\/\/ultramachineparts.com\/tr\/product\/hitachi-ep496000-2\/\" \/>\n<meta property=\"og:site_name\" content=\"ultramachine-part\" \/>\n<meta property=\"og:image\" content=\"https:\/\/ultramachineparts.com\/wp-content\/uploads\/2027\/03\/Hitachi-EP496000_1.jpg\" \/>\n\t<meta property=\"og:image:width\" content=\"800\" \/>\n\t<meta property=\"og:image:height\" content=\"800\" \/>\n\t<meta property=\"og:image:type\" content=\"image\/jpeg\" \/>\n<meta name=\"twitter:card\" content=\"summary_large_image\" \/>\n<meta name=\"twitter:label1\" content=\"Tahmini okuma s\u00fcresi\" \/>\n\t<meta name=\"twitter:data1\" content=\"1 dakika\" \/>\n<script type=\"application\/ld+json\" class=\"yoast-schema-graph\">{\"@context\":\"https:\/\/schema.org\",\"@graph\":[{\"@type\":\"WebPage\",\"@id\":\"https:\/\/ultramachineparts.com\/product\/hitachi-ep496000-2\/\",\"url\":\"https:\/\/ultramachineparts.com\/product\/hitachi-ep496000-2\/\",\"name\":\"Hitachi Aloka Alpha 10 CPU Mainboard EP496000 Repair and Exchange for Ultrasound System\",\"isPartOf\":{\"@id\":\"https:\/\/ultramachineparts.com\/#website\"},\"primaryImageOfPage\":{\"@id\":\"https:\/\/ultramachineparts.com\/product\/hitachi-ep496000-2\/#primaryimage\"},\"image\":{\"@id\":\"https:\/\/ultramachineparts.com\/product\/hitachi-ep496000-2\/#primaryimage\"},\"thumbnailUrl\":\"https:\/\/ultramachineparts.com\/wp-content\/uploads\/2027\/03\/Hitachi-EP496000_1.jpg\",\"datePublished\":\"2026-05-01T12:07:18+00:00\",\"breadcrumb\":{\"@id\":\"https:\/\/ultramachineparts.com\/product\/hitachi-ep496000-2\/#breadcrumb\"},\"inLanguage\":\"tr\",\"potentialAction\":[{\"@type\":\"ReadAction\",\"target\":[\"https:\/\/ultramachineparts.com\/product\/hitachi-ep496000-2\/\"]}]},{\"@type\":\"ImageObject\",\"inLanguage\":\"tr\",\"@id\":\"https:\/\/ultramachineparts.com\/product\/hitachi-ep496000-2\/#primaryimage\",\"url\":\"https:\/\/ultramachineparts.com\/wp-content\/uploads\/2027\/03\/Hitachi-EP496000_1.jpg\",\"contentUrl\":\"https:\/\/ultramachineparts.com\/wp-content\/uploads\/2027\/03\/Hitachi-EP496000_1.jpg\",\"width\":800,\"height\":800},{\"@type\":\"BreadcrumbList\",\"@id\":\"https:\/\/ultramachineparts.com\/product\/hitachi-ep496000-2\/#breadcrumb\",\"itemListElement\":[{\"@type\":\"ListItem\",\"position\":1,\"name\":\"Home\",\"item\":\"https:\/\/ultramachineparts.com\/\"},{\"@type\":\"ListItem\",\"position\":2,\"name\":\"Ultrasound Boards Repair\",\"item\":\"https:\/\/ultramachineparts.com\/pcategory\/ultrasound-boards-repair\/\"},{\"@type\":\"ListItem\",\"position\":3,\"name\":\"Hitachi Aloka Alpha 10 CPU Mainboard EP496000 Repair and Exchange for Ultrasound System\"}]},{\"@type\":\"WebSite\",\"@id\":\"https:\/\/ultramachineparts.com\/#website\",\"url\":\"https:\/\/ultramachineparts.com\/\",\"name\":\"ultramachine-part\",\"description\":\"\",\"publisher\":{\"@id\":\"https:\/\/ultramachineparts.com\/#organization\"},\"potentialAction\":[{\"@type\":\"SearchAction\",\"target\":{\"@type\":\"EntryPoint\",\"urlTemplate\":\"https:\/\/ultramachineparts.com\/?s={search_term_string}\"},\"query-input\":{\"@type\":\"PropertyValueSpecification\",\"valueRequired\":true,\"valueName\":\"search_term_string\"}}],\"inLanguage\":\"tr\"},{\"@type\":\"Organization\",\"@id\":\"https:\/\/ultramachineparts.com\/#organization\",\"name\":\"ultramachine-part\",\"url\":\"https:\/\/ultramachineparts.com\/\",\"logo\":{\"@type\":\"ImageObject\",\"inLanguage\":\"tr\",\"@id\":\"https:\/\/ultramachineparts.com\/#\/schema\/logo\/image\/\",\"url\":\"https:\/\/ultramachineparts.com\/wp-content\/uploads\/2026\/03\/logo-echoelite.png\",\"contentUrl\":\"https:\/\/ultramachineparts.com\/wp-content\/uploads\/2026\/03\/logo-echoelite.png\",\"width\":463,\"height\":120,\"caption\":\"ultramachine-part\"},\"image\":{\"@id\":\"https:\/\/ultramachineparts.com\/#\/schema\/logo\/image\/\"}}]}<\/script>\n<!-- \/ Yoast SEO plugin. -->","yoast_head_json":{"title":"Hitachi Aloka Alpha 10 CPU Anakart EP496000 Ultrason Sistemi i\u00e7in Onar\u0131m ve De\u011fi\u015fim","robots":{"index":"index","follow":"follow","max-snippet":"max-snippet:-1","max-image-preview":"max-image-preview:large","max-video-preview":"max-video-preview:-1"},"canonical":"https:\/\/ultramachineparts.com\/tr\/product\/hitachi-ep496000-2\/","og_locale":"tr_TR","og_type":"article","og_title":"Hitachi Aloka Alpha 10 CPU Mainboard EP496000 Repair and Exchange for Ultrasound System","og_description":"Hitachi Aloka Alpha 10 CPU Mainboard EP496000 repair and exchange service for Aloka Alpha 10 ultrasound system. Fully tested and professionally restored CPU mainboard with stable system control performance. Fast 2\u20134 working days turnaround for reliable diagnostic operation and imaging system stability. 90-day warranty included for quality assurance.","og_url":"https:\/\/ultramachineparts.com\/tr\/product\/hitachi-ep496000-2\/","og_site_name":"ultramachine-part","og_image":[{"width":800,"height":800,"url":"https:\/\/ultramachineparts.com\/wp-content\/uploads\/2027\/03\/Hitachi-EP496000_1.jpg","type":"image\/jpeg"}],"twitter_card":"summary_large_image","twitter_misc":{"Tahmini okuma s\u00fcresi":"1 dakika"},"schema":{"@context":"https:\/\/schema.org","@graph":[{"@type":"WebPage","@id":"https:\/\/ultramachineparts.com\/product\/hitachi-ep496000-2\/","url":"https:\/\/ultramachineparts.com\/product\/hitachi-ep496000-2\/","name":"Hitachi Aloka Alpha 10 CPU Anakart EP496000 Ultrason Sistemi i\u00e7in Onar\u0131m ve De\u011fi\u015fim","isPartOf":{"@id":"https:\/\/ultramachineparts.com\/#website"},"primaryImageOfPage":{"@id":"https:\/\/ultramachineparts.com\/product\/hitachi-ep496000-2\/#primaryimage"},"image":{"@id":"https:\/\/ultramachineparts.com\/product\/hitachi-ep496000-2\/#primaryimage"},"thumbnailUrl":"https:\/\/ultramachineparts.com\/wp-content\/uploads\/2027\/03\/Hitachi-EP496000_1.jpg","datePublished":"2026-05-01T12:07:18+00:00","breadcrumb":{"@id":"https:\/\/ultramachineparts.com\/product\/hitachi-ep496000-2\/#breadcrumb"},"inLanguage":"tr","potentialAction":[{"@type":"ReadAction","target":["https:\/\/ultramachineparts.com\/product\/hitachi-ep496000-2\/"]}]},{"@type":"ImageObject","inLanguage":"tr","@id":"https:\/\/ultramachineparts.com\/product\/hitachi-ep496000-2\/#primaryimage","url":"https:\/\/ultramachineparts.com\/wp-content\/uploads\/2027\/03\/Hitachi-EP496000_1.jpg","contentUrl":"https:\/\/ultramachineparts.com\/wp-content\/uploads\/2027\/03\/Hitachi-EP496000_1.jpg","width":800,"height":800},{"@type":"BreadcrumbList","@id":"https:\/\/ultramachineparts.com\/product\/hitachi-ep496000-2\/#breadcrumb","itemListElement":[{"@type":"ListItem","position":1,"name":"Home","item":"https:\/\/ultramachineparts.com\/"},{"@type":"ListItem","position":2,"name":"Ultrasound Boards Repair","item":"https:\/\/ultramachineparts.com\/pcategory\/ultrasound-boards-repair\/"},{"@type":"ListItem","position":3,"name":"Hitachi Aloka Alpha 10 CPU Mainboard EP496000 Repair and Exchange for Ultrasound System"}]},{"@type":"WebSite","@id":"https:\/\/ultramachineparts.com\/#website","url":"https:\/\/ultramachineparts.com\/","name":"ultramachine-part","description":"","publisher":{"@id":"https:\/\/ultramachineparts.com\/#organization"},"potentialAction":[{"@type":"SearchAction","target":{"@type":"EntryPoint","urlTemplate":"https:\/\/ultramachineparts.com\/?s={search_term_string}"},"query-input":{"@type":"PropertyValueSpecification","valueRequired":true,"valueName":"search_term_string"}}],"inLanguage":"tr"},{"@type":"Organization","@id":"https:\/\/ultramachineparts.com\/#organization","name":"ultramachine-part","url":"https:\/\/ultramachineparts.com\/","logo":{"@type":"ImageObject","inLanguage":"tr","@id":"https:\/\/ultramachineparts.com\/#\/schema\/logo\/image\/","url":"https:\/\/ultramachineparts.com\/wp-content\/uploads\/2026\/03\/logo-echoelite.png","contentUrl":"https:\/\/ultramachineparts.com\/wp-content\/uploads\/2026\/03\/logo-echoelite.png","width":463,"height":120,"caption":"ultramachine-part"},"image":{"@id":"https:\/\/ultramachineparts.com\/#\/schema\/logo\/image\/"}}]}},"taxonomy_info":{"pcategory":[{"value":5,"label":"Ultrasound Boards Repair"}]},"featured_image_src_large":["https:\/\/ultramachineparts.com\/wp-content\/uploads\/2027\/03\/Hitachi-EP496000_1.jpg",800,800,false],"author_info":[],"comment_info":"","_links":{"self":[{"href":"https:\/\/ultramachineparts.com\/tr\/wp-json\/wp\/v2\/product\/5377","targetHints":{"allow":["GET"]}}],"collection":[{"href":"https:\/\/ultramachineparts.com\/tr\/wp-json\/wp\/v2\/product"}],"about":[{"href":"https:\/\/ultramachineparts.com\/tr\/wp-json\/wp\/v2\/types\/product"}],"wp:featuredmedia":[{"embeddable":true,"href":"https:\/\/ultramachineparts.com\/tr\/wp-json\/wp\/v2\/media\/5379"}],"wp:attachment":[{"href":"https:\/\/ultramachineparts.com\/tr\/wp-json\/wp\/v2\/media?parent=5377"}],"wp:term":[{"taxonomy":"pcategory","embeddable":true,"href":"https:\/\/ultramachineparts.com\/tr\/wp-json\/wp\/v2\/pcategory?post=5377"},{"taxonomy":"ptag","embeddable":true,"href":"https:\/\/ultramachineparts.com\/tr\/wp-json\/wp\/v2\/ptag?post=5377"}],"curies":[{"name":"wp","href":"https:\/\/api.w.org\/{rel}","templated":true}]}}